{"id":11,"date":"2025-08-15T19:24:34","date_gmt":"2025-08-15T22:24:34","guid":{"rendered":"https:\/\/linatto.com.br\/?page_id=11"},"modified":"2025-08-27T19:58:12","modified_gmt":"2025-08-27T22:58:12","slug":"11-2","status":"publish","type":"page","link":"https:\/\/linatto.com.br\/","title":{"rendered":""},"content":{"rendered":"\t\t<div data-elementor-type=\"wp-page\" data-elementor-id=\"11\" class=\"elementor elementor-11\">\n\t\t\t\t\t\t<section class=\"elementor-section elementor-top-section elementor-element elementor-element-aae8198 elementor-section-boxed elementor-section-height-default elementor-section-height-default\" data-id=\"aae8198\" data-element_type=\"section\">\n\t\t\t\t\t\t<div class=\"elementor-container elementor-column-gap-default\">\n\t\t\t\t\t<div class=\"elementor-column elementor-col-50 elementor-top-column elementor-element elementor-element-4e6610a\" data-id=\"4e6610a\" data-element_type=\"column\">\n\t\t\t<div class=\"elementor-widget-wrap elementor-element-populated\">\n\t\t\t\t\t\t<div class=\"elementor-element elementor-element-1cf77f2 elementor-widget elementor-widget-heading\" data-id=\"1cf77f2\" data-element_type=\"widget\" data-widget_type=\"heading.default\">\n\t\t\t\t<div class=\"elementor-widget-container\">\n\t\t\t\t\t<h2 class=\"elementor-heading-title elementor-size-default\">Nosso nome, <br \/>nossa filosofia.<\/h2>\t\t\t\t<\/div>\n\t\t\t\t<\/div>\n\t\t\t\t<div class=\"elementor-element elementor-element-b5edf19 elementor-widget elementor-widget-spacer\" data-id=\"b5edf19\" data-element_type=\"widget\" data-widget_type=\"spacer.default\">\n\t\t\t\t<div class=\"elementor-widget-container\">\n\t\t\t\t\t\t\t<div class=\"elementor-spacer\">\n\t\t\t<div class=\"elementor-spacer-inner\"><\/div>\n\t\t<\/div>\n\t\t\t\t\t\t<\/div>\n\t\t\t\t<\/div>\n\t\t\t\t<div class=\"elementor-element elementor-element-1db2942 elementor-widget elementor-widget-text-editor\" data-id=\"1db2942\" data-element_type=\"widget\" data-widget_type=\"text-editor.default\">\n\t\t\t\t<div class=\"elementor-widget-container\">\n\t\t\t\t\t\t\t\t\t<p>A Linatto Contabilidade nasceu da uni\u00e3o dos sobrenomes Bortolini e Volpatto, das contadoras e s\u00f3cias Caroline e Bianca. Mais do que um nome, representamos a uni\u00e3o de experi\u00eancia, dedica\u00e7\u00e3o e inova\u00e7\u00e3o na contabilidade em Caxias do Sul e regi\u00e3o.<\/p>\t\t\t\t\t\t\t\t<\/div>\n\t\t\t\t<\/div>\n\t\t\t\t<div class=\"elementor-element elementor-element-5f5a91a elementor-widget elementor-widget-spacer\" data-id=\"5f5a91a\" data-element_type=\"widget\" data-widget_type=\"spacer.default\">\n\t\t\t\t<div class=\"elementor-widget-container\">\n\t\t\t\t\t\t\t<div class=\"elementor-spacer\">\n\t\t\t<div class=\"elementor-spacer-inner\"><\/div>\n\t\t<\/div>\n\t\t\t\t\t\t<\/div>\n\t\t\t\t<\/div>\n\t\t\t\t<div class=\"elementor-element elementor-element-b1cdaed elementor-widget elementor-widget-text-editor\" data-id=\"b1cdaed\" data-element_type=\"widget\" data-widget_type=\"text-editor.default\">\n\t\t\t\t<div class=\"elementor-widget-container\">\n\t\t\t\t\t\t\t\t\t<p><strong>Atualiza\u00e7\u00e3o contante:<\/strong> Estamos sempre em busca de conhecimento e acompanhamos de perto as mudan\u00e7as na legisla\u00e7\u00e3o tribut\u00e1ria e cont\u00e1bil. Assim, oferecemos seguran\u00e7a, conformidade e solu\u00e7\u00f5es modernas para empresas que desejam crescer com tranquilidade.<\/p>\t\t\t\t\t\t\t\t<\/div>\n\t\t\t\t<\/div>\n\t\t\t\t<div class=\"elementor-element elementor-element-3235a51 elementor-widget elementor-widget-text-editor\" data-id=\"3235a51\" data-element_type=\"widget\" data-widget_type=\"text-editor.default\">\n\t\t\t\t<div class=\"elementor-widget-container\">\n\t\t\t\t\t\t\t\t\t<p><strong>Vis\u00e3o estrat\u00e9gica:<\/strong> Acreditamos que a contabilidade vai al\u00e9m das obriga\u00e7\u00f5es fiscais. Por isso, trabalhamos com contabilidade estrat\u00e9gica que transforma informa\u00e7\u00f5es em decis\u00f5es inteligentes, apoiando o desenvolvimento sustent\u00e1vel dos nossos\u00a0clientes.<\/p>\t\t\t\t\t\t\t\t<\/div>\n\t\t\t\t<\/div>\n\t\t\t\t<div class=\"elementor-element elementor-element-d453e52 e-grid-align-right elementor-shape-rounded elementor-grid-0 elementor-widget elementor-widget-social-icons\" data-id=\"d453e52\" data-element_type=\"widget\" data-widget_type=\"social-icons.default\">\n\t\t\t\t<div class=\"elementor-widget-container\">\n\t\t\t\t\t\t\t<div class=\"elementor-social-icons-wrapper elementor-grid\" role=\"list\">\n\t\t\t\t\t\t\t<span class=\"elementor-grid-item\" role=\"listitem\">\n\t\t\t\t\t<a class=\"elementor-icon elementor-social-icon elementor-social-icon-facebook elementor-repeater-item-4c84fb1\" target=\"_blank\">\n\t\t\t\t\t\t<span class=\"elementor-screen-only\">Facebook<\/span>\n\t\t\t\t\t\t<i class=\"fab fa-facebook\"><\/i>\t\t\t\t\t<\/a>\n\t\t\t\t<\/span>\n\t\t\t\t\t\t\t<span class=\"elementor-grid-item\" role=\"listitem\">\n\t\t\t\t\t<a class=\"elementor-icon elementor-social-icon elementor-social-icon-twitter elementor-repeater-item-6f4425e\" target=\"_blank\">\n\t\t\t\t\t\t<span class=\"elementor-screen-only\">Twitter<\/span>\n\t\t\t\t\t\t<i class=\"fab fa-twitter\"><\/i>\t\t\t\t\t<\/a>\n\t\t\t\t<\/span>\n\t\t\t\t\t\t\t<span class=\"elementor-grid-item\" role=\"listitem\">\n\t\t\t\t\t<a class=\"elementor-icon elementor-social-icon elementor-social-icon-youtube elementor-repeater-item-0172164\" target=\"_blank\">\n\t\t\t\t\t\t<span class=\"elementor-screen-only\">Youtube<\/span>\n\t\t\t\t\t\t<i class=\"fab fa-youtube\"><\/i>\t\t\t\t\t<\/a>\n\t\t\t\t<\/span>\n\t\t\t\t\t<\/div>\n\t\t\t\t\t\t<\/div>\n\t\t\t\t<\/div>\n\t\t\t\t\t<\/div>\n\t\t<\/div>\n\t\t\t\t<div class=\"elementor-column elementor-col-50 elementor-top-column elementor-element elementor-element-31bf6d9\" data-id=\"31bf6d9\" data-element_type=\"column\">\n\t\t\t<div class=\"elementor-widget-wrap elementor-element-populated\">\n\t\t\t\t\t\t<div class=\"elementor-element elementor-element-f9e4314 elementor-widget elementor-widget-image\" data-id=\"f9e4314\" data-element_type=\"widget\" data-widget_type=\"image.default\">\n\t\t\t\t<div class=\"elementor-widget-container\">\n\t\t\t\t\t\t\t\t\t\t\t\t\t\t\t<img fetchpriority=\"high\" decoding=\"async\" width=\"819\" height=\"1024\" src=\"https:\/\/linatto.com.br\/wp-content\/uploads\/2025\/08\/Design-sem-nome-1-819x1024.jpg\" class=\"attachment-large size-large wp-image-44\" alt=\"\" srcset=\"https:\/\/linatto.com.br\/wp-content\/uploads\/2025\/08\/Design-sem-nome-1-819x1024.jpg 819w, https:\/\/linatto.com.br\/wp-content\/uploads\/2025\/08\/Design-sem-nome-1-240x300.jpg 240w, https:\/\/linatto.com.br\/wp-content\/uploads\/2025\/08\/Design-sem-nome-1-768x960.jpg 768w, https:\/\/linatto.com.br\/wp-content\/uploads\/2025\/08\/Design-sem-nome-1-500x625.jpg 500w, https:\/\/linatto.com.br\/wp-content\/uploads\/2025\/08\/Design-sem-nome-1-800x1000.jpg 800w, https:\/\/linatto.com.br\/wp-content\/uploads\/2025\/08\/Design-sem-nome-1.jpg 1080w\" sizes=\"(max-width: 819px) 100vw, 819px\" \/>\t\t\t\t\t\t\t\t\t\t\t\t\t\t\t<\/div>\n\t\t\t\t<\/div>\n\t\t\t\t\t<\/div>\n\t\t<\/div>\n\t\t\t\t\t<\/div>\n\t\t<\/section>\n\t\t\t\t<section class=\"elementor-section elementor-top-section elementor-element elementor-element-85ad59c elementor-section-boxed elementor-section-height-default elementor-section-height-default\" data-id=\"85ad59c\" data-element_type=\"section\">\n\t\t\t\t\t\t<div class=\"elementor-container elementor-column-gap-default\">\n\t\t\t\t\t<div class=\"elementor-column elementor-col-100 elementor-top-column elementor-element elementor-element-ae26a00\" data-id=\"ae26a00\" data-element_type=\"column\">\n\t\t\t<div class=\"elementor-widget-wrap elementor-element-populated\">\n\t\t\t\t\t\t<div class=\"elementor-element elementor-element-b8e68f5 elementor-widget elementor-widget-spacer\" data-id=\"b8e68f5\" data-element_type=\"widget\" data-widget_type=\"spacer.default\">\n\t\t\t\t<div class=\"elementor-widget-container\">\n\t\t\t\t\t\t\t<div class=\"elementor-spacer\">\n\t\t\t<div class=\"elementor-spacer-inner\"><\/div>\n\t\t<\/div>\n\t\t\t\t\t\t<\/div>\n\t\t\t\t<\/div>\n\t\t\t\t\t<\/div>\n\t\t<\/div>\n\t\t\t\t\t<\/div>\n\t\t<\/section>\n\t\t\t\t<section class=\"elementor-section elementor-top-section elementor-element elementor-element-57e404b elementor-section-boxed elementor-section-height-default elementor-section-height-default\" data-id=\"57e404b\" data-element_type=\"section\">\n\t\t\t\t\t\t<div class=\"elementor-container elementor-column-gap-default\">\n\t\t\t\t\t<div class=\"elementor-column elementor-col-33 elementor-top-column elementor-element elementor-element-ddc60fc\" data-id=\"ddc60fc\" data-element_type=\"column\">\n\t\t\t<div class=\"elementor-widget-wrap elementor-element-populated\">\n\t\t\t\t\t\t<div class=\"elementor-element elementor-element-240c1ec elementor-hidden-mobile elementor-widget elementor-widget-image\" data-id=\"240c1ec\" data-element_type=\"widget\" data-widget_type=\"image.default\">\n\t\t\t\t<div class=\"elementor-widget-container\">\n\t\t\t\t\t\t\t\t\t\t\t\t\t\t\t<img decoding=\"async\" width=\"1024\" height=\"1016\" src=\"https:\/\/linatto.com.br\/wp-content\/uploads\/2025\/08\/selo_linatto-1024x1016.png\" class=\"attachment-large size-large wp-image-15\" alt=\"\" srcset=\"https:\/\/linatto.com.br\/wp-content\/uploads\/2025\/08\/selo_linatto-1024x1016.png 1024w, https:\/\/linatto.com.br\/wp-content\/uploads\/2025\/08\/selo_linatto-300x298.png 300w, https:\/\/linatto.com.br\/wp-content\/uploads\/2025\/08\/selo_linatto-150x150.png 150w, https:\/\/linatto.com.br\/wp-content\/uploads\/2025\/08\/selo_linatto-768x762.png 768w, https:\/\/linatto.com.br\/wp-content\/uploads\/2025\/08\/selo_linatto-500x496.png 500w, https:\/\/linatto.com.br\/wp-content\/uploads\/2025\/08\/selo_linatto-800x793.png 800w, https:\/\/linatto.com.br\/wp-content\/uploads\/2025\/08\/selo_linatto.png 1089w\" sizes=\"(max-width: 1024px) 100vw, 1024px\" \/>\t\t\t\t\t\t\t\t\t\t\t\t\t\t\t<\/div>\n\t\t\t\t<\/div>\n\t\t\t\t\t<\/div>\n\t\t<\/div>\n\t\t\t\t<div class=\"elementor-column elementor-col-66 elementor-top-column elementor-element elementor-element-7020a85\" data-id=\"7020a85\" data-element_type=\"column\">\n\t\t\t<div class=\"elementor-widget-wrap elementor-element-populated\">\n\t\t\t\t\t\t<div class=\"elementor-element elementor-element-d06c11b elementor-widget elementor-widget-heading\" data-id=\"d06c11b\" data-element_type=\"widget\" data-widget_type=\"heading.default\">\n\t\t\t\t<div class=\"elementor-widget-container\">\n\t\t\t\t\t<h2 class=\"elementor-heading-title elementor-size-default\">Nossa hist\u00f3ria.<\/h2>\t\t\t\t<\/div>\n\t\t\t\t<\/div>\n\t\t\t\t<div class=\"elementor-element elementor-element-60ccc10 elementor-widget elementor-widget-heading\" data-id=\"60ccc10\" data-element_type=\"widget\" data-widget_type=\"heading.default\">\n\t\t\t\t<div class=\"elementor-widget-container\">\n\t\t\t\t\t<h3 class=\"elementor-heading-title elementor-size-default\">\"Transformamos a contabilidade em uma parceira estrat\u00e9gica, simples e pr\u00f3xima, para que sua empresa cres\u00e7a\u00a0com\u00a0seguran\u00e7a.\"<\/h3>\t\t\t\t<\/div>\n\t\t\t\t<\/div>\n\t\t\t\t\t<\/div>\n\t\t<\/div>\n\t\t\t\t\t<\/div>\n\t\t<\/section>\n\t\t\t\t<section class=\"elementor-section elementor-top-section elementor-element elementor-element-5a5d0ce elementor-section-boxed elementor-section-height-default elementor-section-height-default\" data-id=\"5a5d0ce\" data-element_type=\"section\">\n\t\t\t\t\t\t<div class=\"elementor-container elementor-column-gap-default\">\n\t\t\t\t\t<div class=\"elementor-column elementor-col-100 elementor-top-column elementor-element elementor-element-5e85ff7\" data-id=\"5e85ff7\" data-element_type=\"column\">\n\t\t\t<div class=\"elementor-widget-wrap elementor-element-populated\">\n\t\t\t\t\t\t<div class=\"elementor-element elementor-element-bbe704f elementor-widget elementor-widget-read-more\" data-id=\"bbe704f\" data-element_type=\"widget\" data-widget_type=\"read-more.default\">\n\t\t\t\t<div class=\"elementor-widget-container\">\n\t\t\t\t\t<\/div><\/div><\/div><\/div><\/div><\/section><\/div><a href=\"https:\/\/linatto.com.br\/\" rel=\"bookmark\"><span class=\"screen-reader-text\"><\/span><\/a>","protected":false},"excerpt":{"rendered":"<p>Nosso nome, nossa filosofia. A Linatto Contabilidade nasceu da uni\u00e3o dos sobrenomes Bortolini e Volpatto, das contadoras e s\u00f3cias Caroline e Bianca. Mais do que um nome, representamos a uni\u00e3o de experi\u00eancia, dedica\u00e7\u00e3o e inova\u00e7\u00e3o na contabilidade em Caxias do Sul e regi\u00e3o. Atualiza\u00e7\u00e3o contante: Estamos sempre em busca de conhecimento e acompanhamos de perto&hellip;&nbsp;<a href=\"https:\/\/linatto.com.br\/\" rel=\"bookmark\"><span class=\"screen-reader-text\"><\/span><\/a><\/p>\n","protected":false},"author":1,"featured_media":0,"parent":0,"menu_order":0,"comment_status":"closed","ping_status":"closed","template":"","meta":{"neve_meta_sidebar":"","neve_meta_container":"","neve_meta_enable_content_width":"","neve_meta_content_width":0,"neve_meta_title_alignment":"","neve_meta_author_avatar":"","neve_post_elements_order":"","neve_meta_disable_header":"","neve_meta_disable_footer":"","neve_meta_disable_title":"","_vp_format_video_url":"","_vp_image_focal_point":[],"footnotes":""},"class_list":["post-11","page","type-page","status-publish","hentry"],"_links":{"self":[{"href":"https:\/\/linatto.com.br\/index.php?rest_route=\/wp\/v2\/pages\/11","targetHints":{"allow":["GET"]}}],"collection":[{"href":"https:\/\/linatto.com.br\/index.php?rest_route=\/wp\/v2\/pages"}],"about":[{"href":"https:\/\/linatto.com.br\/index.php?rest_route=\/wp\/v2\/types\/page"}],"author":[{"embeddable":true,"href":"https:\/\/linatto.com.br\/index.php?rest_route=\/wp\/v2\/users\/1"}],"replies":[{"embeddable":true,"href":"https:\/\/linatto.com.br\/index.php?rest_route=%2Fwp%2Fv2%2Fcomments&post=11"}],"version-history":[{"count":59,"href":"https:\/\/linatto.com.br\/index.php?rest_route=\/wp\/v2\/pages\/11\/revisions"}],"predecessor-version":[{"id":133,"href":"https:\/\/linatto.com.br\/index.php?rest_route=\/wp\/v2\/pages\/11\/revisions\/133"}],"wp:attachment":[{"href":"https:\/\/linatto.com.br\/index.php?rest_route=%2Fwp%2Fv2%2Fmedia&parent=11"}],"curies":[{"name":"wp","href":"https:\/\/api.w.org\/{rel}","templated":true}]}}